{"id":132,"date":"2019-10-09T18:13:57","date_gmt":"2019-10-09T16:13:57","guid":{"rendered":"http:\/\/iesmaestrojosezamudio.es\/web\/?page_id=132"},"modified":"2022-11-02T11:02:02","modified_gmt":"2022-11-02T10:02:02","slug":"comunicacion-y-dinamizacion","status":"publish","type":"page","link":"http:\/\/iesmaestrojosezamudio.es\/web\/departamentos\/comunicacion-y-dinamizacion\/","title":{"rendered":"Comunicaci\u00f3n"},"content":{"rendered":"El departamento de comunicaci\u00f3n esta formado por el profesor de ingl\u00e9s David P\u00e9rez Torrado, as\u00ed como la colaboraci\u00f3n de jefes de departamentos did\u00e1cticos y resto del profesorado del claustro.\r\n\r\n&nbsp;\r\n<h3><span style=\"color: #3366ff;\"><a style=\"color: #3366ff;\" href=\"http:\/\/iesmaestrojosezamudio.es\/web\/wp-content\/uploads\/2021\/01\/Prog-Dto-de-Comunicaci\u00f3n-rev-20-21.pdf\">PROGRAMACI\u00d3N DEPARTAMENTO DE COMUNICACI\u00d3N 2020-2021<\/a><\/span><\/h3>","protected":false},"excerpt":{"rendered":"<p>El departamento de comunicaci\u00f3n esta formado por el profesor de ingl\u00e9s David P\u00e9rez Torrado, as\u00ed como la colaboraci\u00f3n de jefes de departamentos did\u00e1cticos y resto del profesorado del claustro. &nbsp; &#8230;<\/p>\n","protected":false},"author":2,"featured_media":0,"parent":77,"menu_order":0,"comment_status":"closed","ping_status":"closed","template":"","meta":[],"_links":{"self":[{"href":"http:\/\/iesmaestrojosezamudio.es\/web\/wp-json\/wp\/v2\/pages\/132"}],"collection":[{"href":"http:\/\/iesmaestrojosezamudio.es\/web\/wp-json\/wp\/v2\/pages"}],"about":[{"href":"http:\/\/iesmaestrojosezamudio.es\/web\/wp-json\/wp\/v2\/types\/page"}],"author":[{"embeddable":true,"href":"http:\/\/iesmaestrojosezamudio.es\/web\/wp-json\/wp\/v2\/users\/2"}],"replies":[{"embeddable":true,"href":"http:\/\/iesmaestrojosezamudio.es\/web\/wp-json\/wp\/v2\/comments?post=132"}],"version-history":[{"count":5,"href":"http:\/\/iesmaestrojosezamudio.es\/web\/wp-json\/wp\/v2\/pages\/132\/revisions"}],"predecessor-version":[{"id":2678,"href":"http:\/\/iesmaestrojosezamudio.es\/web\/wp-json\/wp\/v2\/pages\/132\/revisions\/2678"}],"up":[{"embeddable":true,"href":"http:\/\/iesmaestrojosezamudio.es\/web\/wp-json\/wp\/v2\/pages\/77"}],"wp:attachment":[{"href":"http:\/\/iesmaestrojosezamudio.es\/web\/wp-json\/wp\/v2\/media?parent=132"}],"curies":[{"name":"wp","href":"https:\/\/api.w.org\/{rel}","templated":true}]}}