{"id":147,"date":"2019-10-09T18:21:36","date_gmt":"2019-10-09T16:21:36","guid":{"rendered":"http:\/\/iesmaestrojosezamudio.es\/web\/?page_id=147"},"modified":"2024-01-18T11:10:16","modified_gmt":"2024-01-18T10:10:16","slug":"lengua-y-literatura","status":"publish","type":"page","link":"http:\/\/iesmaestrojosezamudio.es\/web\/departamentos\/lengua-y-literatura\/","title":{"rendered":"Lengua y Literatura"},"content":{"rendered":"Este curso acad\u00e9mico 2023\/2024, el Departamento Socioling\u00fc\u00edstico imparte las materias propias del Departamento, Lengua, Sociales e Idiomas. El Departamento est\u00e1 compuesto por los siguientes profesoras y profesoras que imparten las rese\u00f1adas asignaturas propias de las asignaturas .\r\n<ul>\r\n \t<li>Do\u00f1a Bel\u00e9n Mart\u00ednez Rodr\u00edguez profesora de Lengua y Literatura.<\/li>\r\n \t<li>Don Ram\u00f3n Boixeda Gonz\u00e1lez profesor de Lengua y Literatura.<\/li>\r\n \t<li>Don Francisco Javier Santaella Aceituno profesor de Lengua y Literatura.<\/li>\r\n \t<li>Do\u00f1a Irene Almaz\u00e1n Berbel profesora de Geograf\u00eda e Histor\u00eda.<\/li>\r\n \t<li>Do\u00f1a Mar\u00eda del Carmen L\u00f3pez Hierro profesora de Ingl\u00e9s.<\/li>\r\n \t<li>Do\u00f1a Amelia Hurtado Vera profesora de Franc\u00e9s.<\/li>\r\n \t<li>Don Fel\u00edx L\u00f3pez V\u00e1zquez profesor de Ingl\u00e9s.<\/li>\r\n<\/ul>\r\n&nbsp;\r\n\r\n<a href=\"https:\/\/valorandolaeducacion.files.wordpress.com\/2012\/12\/elige-tu-propia-aventura-01-la-cueva-del-tiempo.pdf\" target=\"_blank\" rel=\"noopener\">Lecturas recomendables por el Departamento.<\/a>","protected":false},"excerpt":{"rendered":"<p>Este curso acad\u00e9mico 2023\/2024, el Departamento Socioling\u00fc\u00edstico imparte las materias propias del Departamento, Lengua, Sociales e Idiomas. El Departamento est\u00e1 compuesto por los siguientes profesoras y profesoras que imparten las &#8230;<\/p>\n","protected":false},"author":2,"featured_media":0,"parent":77,"menu_order":0,"comment_status":"closed","ping_status":"closed","template":"","meta":[],"_links":{"self":[{"href":"http:\/\/iesmaestrojosezamudio.es\/web\/wp-json\/wp\/v2\/pages\/147"}],"collection":[{"href":"http:\/\/iesmaestrojosezamudio.es\/web\/wp-json\/wp\/v2\/pages"}],"about":[{"href":"http:\/\/iesmaestrojosezamudio.es\/web\/wp-json\/wp\/v2\/types\/page"}],"author":[{"embeddable":true,"href":"http:\/\/iesmaestrojosezamudio.es\/web\/wp-json\/wp\/v2\/users\/2"}],"replies":[{"embeddable":true,"href":"http:\/\/iesmaestrojosezamudio.es\/web\/wp-json\/wp\/v2\/comments?post=147"}],"version-history":[{"count":4,"href":"http:\/\/iesmaestrojosezamudio.es\/web\/wp-json\/wp\/v2\/pages\/147\/revisions"}],"predecessor-version":[{"id":2812,"href":"http:\/\/iesmaestrojosezamudio.es\/web\/wp-json\/wp\/v2\/pages\/147\/revisions\/2812"}],"up":[{"embeddable":true,"href":"http:\/\/iesmaestrojosezamudio.es\/web\/wp-json\/wp\/v2\/pages\/77"}],"wp:attachment":[{"href":"http:\/\/iesmaestrojosezamudio.es\/web\/wp-json\/wp\/v2\/media?parent=147"}],"curies":[{"name":"wp","href":"https:\/\/api.w.org\/{rel}","templated":true}]}}