{"id":155,"date":"2019-10-09T18:24:05","date_gmt":"2019-10-09T16:24:05","guid":{"rendered":"http:\/\/iesmaestrojosezamudio.es\/web\/?page_id=155"},"modified":"2025-11-05T12:45:32","modified_gmt":"2025-11-05T11:45:32","slug":"orientacion-2","status":"publish","type":"page","link":"http:\/\/iesmaestrojosezamudio.es\/web\/departamentos\/orientacion-2\/","title":{"rendered":"Orientaci\u00f3n"},"content":{"rendered":"Este curso acad\u00e9mico 2025-2026, el Departamento de Orientaci\u00f3n est\u00e1 compuesto por las siguientes profesoras:\r\n<ul>\r\n \t<li>Inmaculada Escot Ram\u00edrez (Orientadora y jefa del departamento).<\/li>\r\n \t<li>Remedios Gerena Villalba (maestra de PT y Secretaria).<\/li>\r\n \t<li>Mar\u00eda Godino Barroso (maestra de PT y Coordinadora de DACE).<\/li>\r\n \t<li>Inmaculada Rom\u00e1n Reina (profesora de apoyo ZTS).<\/li>\r\n<\/ul>\r\n&nbsp;\r\n\r\nEnlaces de inter\u00e9s.\r\n\r\n&nbsp;\r\n\r\n&nbsp;","protected":false},"excerpt":{"rendered":"<p>Este curso acad\u00e9mico 2025-2026, el Departamento de Orientaci\u00f3n est\u00e1 compuesto por las siguientes profesoras: Inmaculada Escot Ram\u00edrez (Orientadora y jefa del departamento). Remedios Gerena Villalba (maestra de PT y Secretaria). &#8230;<\/p>\n","protected":false},"author":2,"featured_media":0,"parent":77,"menu_order":0,"comment_status":"closed","ping_status":"closed","template":"","meta":[],"_links":{"self":[{"href":"http:\/\/iesmaestrojosezamudio.es\/web\/wp-json\/wp\/v2\/pages\/155"}],"collection":[{"href":"http:\/\/iesmaestrojosezamudio.es\/web\/wp-json\/wp\/v2\/pages"}],"about":[{"href":"http:\/\/iesmaestrojosezamudio.es\/web\/wp-json\/wp\/v2\/types\/page"}],"author":[{"embeddable":true,"href":"http:\/\/iesmaestrojosezamudio.es\/web\/wp-json\/wp\/v2\/users\/2"}],"replies":[{"embeddable":true,"href":"http:\/\/iesmaestrojosezamudio.es\/web\/wp-json\/wp\/v2\/comments?post=155"}],"version-history":[{"count":10,"href":"http:\/\/iesmaestrojosezamudio.es\/web\/wp-json\/wp\/v2\/pages\/155\/revisions"}],"predecessor-version":[{"id":3186,"href":"http:\/\/iesmaestrojosezamudio.es\/web\/wp-json\/wp\/v2\/pages\/155\/revisions\/3186"}],"up":[{"embeddable":true,"href":"http:\/\/iesmaestrojosezamudio.es\/web\/wp-json\/wp\/v2\/pages\/77"}],"wp:attachment":[{"href":"http:\/\/iesmaestrojosezamudio.es\/web\/wp-json\/wp\/v2\/media?parent=155"}],"curies":[{"name":"wp","href":"https:\/\/api.w.org\/{rel}","templated":true}]}}