{"id":1595,"date":"2020-11-26T14:37:21","date_gmt":"2020-11-26T13:37:21","guid":{"rendered":"http:\/\/iesmaestrojosezamudio.es\/web\/?page_id=1595"},"modified":"2021-06-29T20:35:51","modified_gmt":"2021-06-29T18:35:51","slug":"programa-de-prevencion-de-la-violencia-de-genero-en-el-ambito-escolar-curso-2019-2020","status":"publish","type":"page","link":"http:\/\/iesmaestrojosezamudio.es\/web\/programa-de-prevencion-de-la-violencia-de-genero-en-el-ambito-escolar-curso-2019-2020\/","title":{"rendered":"PROGRAMA DE  PREVENCI\u00d3N DE LA VIOLENCIA DE G\u00c9NERO EN EL \u00c1MBITO ESCOLAR."},"content":{"rendered":"En relaci\u00f3n a la participaci\u00f3n en el Programa de Prevenci\u00f3n de Violencia de G\u00e9nero convocado en la Resoluci\u00f3n de 16 de octubre de 2019, nuestros proyecto ha girado en torno al tema de los mitos rom\u00e1nticos \"Desmontando mitos: buen trato y relaciones saludables\", las actuaciones llevadas a cabo en nuestro centro son:\r\n<ol>\r\n \t<li>La creaci\u00f3n de un grupo de escritura d\u00f3nde se han estudiado los principales mitos rom\u00e1nticos que existen entre los adolescentes. Entre todos han escrito historias basadas en situaciones reales en los que se encuentra una idea que hay que desmitificar con la ayuda del comando violeta. Los pareados creados al respecto son muy gr\u00e1ficos y significativos.<\/li>\r\n \t<li>Hemos disfrutado tanto el alumnado como el profesorado de dos sesiones con una ponente especializada en coeducaci\u00f3n d\u00f3nde el tema tratado ha sido la existencia de mitos rom\u00e1nticos entre los adolescentes y c\u00f3mo abordar su desmontaje con el fin de crear relaciones m\u00e1s equilibradas y saludables. La sesi\u00f3n del profesorado se desarroll\u00f3 pero la del alumnado ha quedado pendiente debido a la situaci\u00f3n actual de pandemia.<\/li>\r\n \t<li>La creaci\u00f3n de un taller de dibujo d\u00f3nde se han estudiado los c\u00f3mic tipo manga, lenguaje verbal y no verbal, formato, estilo de dibujo, etc\u2026 Los alumnos han tenido la oportunidad de leer estos c\u00f3mics y adem\u00e1s se ha dotado a la biblioteca de una serie de colecciones de \u00e9ste tipo de lecturas que hasta ahora no exist\u00edan en ella para que el alumnado pueda acceder en pr\u00e9stamo. Adem\u00e1s se ha habilitado una estanter\u00eda dedicada al tema de coeducaci\u00f3n con m\u00e1s colecciones con t\u00edtulos sobre el tema.<\/li>\r\n \t<li>La edici\u00f3n de los c\u00f3mic \u201cDesmontando mitos del amor rom\u00e1ntico\u201d. \u201cAlerta Comando Violeta\u201d que se han difundido entre toda la comunidad educativa con unos 150 ejemplares. Adem\u00e1s este c\u00f3mic se ha colgado en la web del centro y se difundir\u00e1 en las redes sociales a lo largo del mes de noviembre, mes en el que siempre se llevan a cabo actividades con nuestro alumnado en contra de la violencia de g\u00e9nero.<\/li>\r\n \t<li>Dise\u00f1o y elaboraci\u00f3n de carteler\u00eda con mensajes en favor de la coeducaci\u00f3n y la igualdad de g\u00e9nero en el que se destaca un cartel principal que se ha expuesto en la fachada del edificio y otros de menor tama\u00f1o con pareados que fomentan la igualdad y el respeto en las relaciones humanas. Esta carteler\u00eda ser\u00e1 permanente durante el curso.<\/li>\r\n \t<li>Adem\u00e1s el alumnado ha creado un rap en el que se desmontan los principales estereotipos sexistas que existen entre los j\u00f3venes y se desmontan los mitos rom\u00e1nticos trabajados. Queda pendiente su grabaci\u00f3n y edici\u00f3n digital que se concretar\u00e1 cuando contemos con los medios t\u00e9cnicos para ello, siendo \u00e9ste el objeto de trabajo del proyecto presentado para el mismo programa del presente curso.<\/li>\r\n<\/ol>\r\nLa coordinadora de Coeducaci\u00f3n\r\n\r\n<div id='gallery-1' class='gallery galleryid-1595 gallery-columns-4 gallery-size-thumbnail'><figure class='gallery-item'>\n\t\t\t<div class='gallery-icon landscape'>\n\t\t\t\t<img width=\"150\" height=\"150\" src=\"http:\/\/iesmaestrojosezamudio.es\/web\/wp-content\/uploads\/2020\/11\/WhatsApp-Image-2020-11-26-at-14.22.45-1-150x150.jpeg\" class=\"attachment-thumbnail size-thumbnail\" alt=\"\" loading=\"lazy\" \/>\n\t\t\t<\/div><\/figure><figure class='gallery-item'>\n\t\t\t<div class='gallery-icon portrait'>\n\t\t\t\t<img width=\"150\" height=\"150\" src=\"http:\/\/iesmaestrojosezamudio.es\/web\/wp-content\/uploads\/2020\/11\/WhatsApp-Image-2020-11-26-at-14.22.45-150x150.jpeg\" class=\"attachment-thumbnail size-thumbnail\" alt=\"\" loading=\"lazy\" \/>\n\t\t\t<\/div><\/figure><figure class='gallery-item'>\n\t\t\t<div class='gallery-icon landscape'>\n\t\t\t\t<img width=\"150\" height=\"150\" src=\"http:\/\/iesmaestrojosezamudio.es\/web\/wp-content\/uploads\/2020\/11\/WhatsApp-Image-2020-11-25-at-13.56.19-150x150.jpeg\" class=\"attachment-thumbnail size-thumbnail\" alt=\"\" loading=\"lazy\" \/>\n\t\t\t<\/div><\/figure><figure class='gallery-item'>\n\t\t\t<div class='gallery-icon portrait'>\n\t\t\t\t<img width=\"150\" height=\"150\" src=\"http:\/\/iesmaestrojosezamudio.es\/web\/wp-content\/uploads\/2020\/11\/WhatsApp-Image-2020-11-25-at-14.00.12-1-150x150.jpeg\" class=\"attachment-thumbnail size-thumbnail\" alt=\"\" loading=\"lazy\" \/>\n\t\t\t<\/div><\/figure><figure class='gallery-item'>\n\t\t\t<div class='gallery-icon portrait'>\n\t\t\t\t<img width=\"150\" height=\"150\" src=\"http:\/\/iesmaestrojosezamudio.es\/web\/wp-content\/uploads\/2020\/11\/WhatsApp-Image-2020-11-25-at-14.00.12-150x150.jpeg\" class=\"attachment-thumbnail size-thumbnail\" alt=\"\" loading=\"lazy\" \/>\n\t\t\t<\/div><\/figure><figure class='gallery-item'>\n\t\t\t<div class='gallery-icon landscape'>\n\t\t\t\t<img width=\"150\" height=\"150\" src=\"http:\/\/iesmaestrojosezamudio.es\/web\/wp-content\/uploads\/2020\/11\/WhatsApp-Image-2020-11-25-at-14.11.47-1-150x150.jpeg\" class=\"attachment-thumbnail size-thumbnail\" alt=\"\" loading=\"lazy\" srcset=\"http:\/\/iesmaestrojosezamudio.es\/web\/wp-content\/uploads\/2020\/11\/WhatsApp-Image-2020-11-25-at-14.11.47-1-150x150.jpeg 150w, http:\/\/iesmaestrojosezamudio.es\/web\/wp-content\/uploads\/2020\/11\/WhatsApp-Image-2020-11-25-at-14.11.47-1-300x300.jpeg 300w, http:\/\/iesmaestrojosezamudio.es\/web\/wp-content\/uploads\/2020\/11\/WhatsApp-Image-2020-11-25-at-14.11.47-1-1024x1024.jpeg 1024w, http:\/\/iesmaestrojosezamudio.es\/web\/wp-content\/uploads\/2020\/11\/WhatsApp-Image-2020-11-25-at-14.11.47-1-768x768.jpeg 768w, http:\/\/iesmaestrojosezamudio.es\/web\/wp-content\/uploads\/2020\/11\/WhatsApp-Image-2020-11-25-at-14.11.47-1-1536x1536.jpeg 1536w, http:\/\/iesmaestrojosezamudio.es\/web\/wp-content\/uploads\/2020\/11\/WhatsApp-Image-2020-11-25-at-14.11.47-1.jpeg 1600w\" sizes=\"(max-width: 150px) 100vw, 150px\" \/>\n\t\t\t<\/div><\/figure><figure class='gallery-item'>\n\t\t\t<div class='gallery-icon landscape'>\n\t\t\t\t<img width=\"150\" height=\"150\" src=\"http:\/\/iesmaestrojosezamudio.es\/web\/wp-content\/uploads\/2020\/11\/WhatsApp-Image-2020-11-25-at-14.11.47-150x150.jpeg\" class=\"attachment-thumbnail size-thumbnail\" alt=\"\" loading=\"lazy\" srcset=\"http:\/\/iesmaestrojosezamudio.es\/web\/wp-content\/uploads\/2020\/11\/WhatsApp-Image-2020-11-25-at-14.11.47-150x150.jpeg 150w, http:\/\/iesmaestrojosezamudio.es\/web\/wp-content\/uploads\/2020\/11\/WhatsApp-Image-2020-11-25-at-14.11.47-300x300.jpeg 300w, http:\/\/iesmaestrojosezamudio.es\/web\/wp-content\/uploads\/2020\/11\/WhatsApp-Image-2020-11-25-at-14.11.47-1024x1024.jpeg 1024w, http:\/\/iesmaestrojosezamudio.es\/web\/wp-content\/uploads\/2020\/11\/WhatsApp-Image-2020-11-25-at-14.11.47-768x768.jpeg 768w, http:\/\/iesmaestrojosezamudio.es\/web\/wp-content\/uploads\/2020\/11\/WhatsApp-Image-2020-11-25-at-14.11.47-1536x1536.jpeg 1536w, http:\/\/iesmaestrojosezamudio.es\/web\/wp-content\/uploads\/2020\/11\/WhatsApp-Image-2020-11-25-at-14.11.47.jpeg 1600w\" sizes=\"(max-width: 150px) 100vw, 150px\" \/>\n\t\t\t<\/div><\/figure><figure class='gallery-item'>\n\t\t\t<div class='gallery-icon landscape'>\n\t\t\t\t<img width=\"150\" height=\"150\" src=\"http:\/\/iesmaestrojosezamudio.es\/web\/wp-content\/uploads\/2020\/11\/WhatsApp-Image-2020-11-25-at-14.11.43-150x150.jpeg\" class=\"attachment-thumbnail size-thumbnail\" alt=\"\" loading=\"lazy\" srcset=\"http:\/\/iesmaestrojosezamudio.es\/web\/wp-content\/uploads\/2020\/11\/WhatsApp-Image-2020-11-25-at-14.11.43-150x150.jpeg 150w, http:\/\/iesmaestrojosezamudio.es\/web\/wp-content\/uploads\/2020\/11\/WhatsApp-Image-2020-11-25-at-14.11.43-300x300.jpeg 300w, http:\/\/iesmaestrojosezamudio.es\/web\/wp-content\/uploads\/2020\/11\/WhatsApp-Image-2020-11-25-at-14.11.43-1024x1024.jpeg 1024w, http:\/\/iesmaestrojosezamudio.es\/web\/wp-content\/uploads\/2020\/11\/WhatsApp-Image-2020-11-25-at-14.11.43-768x768.jpeg 768w, http:\/\/iesmaestrojosezamudio.es\/web\/wp-content\/uploads\/2020\/11\/WhatsApp-Image-2020-11-25-at-14.11.43-1536x1536.jpeg 1536w, http:\/\/iesmaestrojosezamudio.es\/web\/wp-content\/uploads\/2020\/11\/WhatsApp-Image-2020-11-25-at-14.11.43.jpeg 1600w\" sizes=\"(max-width: 150px) 100vw, 150px\" \/>\n\t\t\t<\/div><\/figure>\n\t\t<\/div>\n\r\n\r\nC\u00f3mic:\r\n\r\n<a href=\"http:\/\/iesmaestrojosezamudio.es\/web\/wp-content\/uploads\/2020\/11\/C\u00f3micweb.pdf\" target=\"_blank\" rel=\"noopener noreferrer\"><img class=\"aligncenter wp-image-1605 size-medium\" src=\"http:\/\/iesmaestrojosezamudio.es\/web\/wp-content\/uploads\/2020\/11\/C\u00f3micweb-1-300x212.png\" alt=\"\" width=\"300\" height=\"212\" \/><\/a>\r\n\r\n&nbsp;\r\n<h3>TALLER DE RAP. 2020-2021<\/h3>\r\nEste trabajo se incluye en las actividades realizadas por el IES Maestro Jos\u00e9 Zamudio de Pruna dentro de la campa\u00f1a financiada por el <strong>Pacto de Estado Contra la VIOLENCIA DE G\u00c9NERO<\/strong>.\r\n\r\nEste ha sido nuestro taller de rap y el trabajo del alumnado:\r\n\r\n<div id='gallery-2' class='gallery galleryid-1595 gallery-columns-3 gallery-size-thumbnail'><figure class='gallery-item'>\n\t\t\t<div class='gallery-icon landscape'>\n\t\t\t\t<a href='http:\/\/iesmaestrojosezamudio.es\/web\/programa-de-prevencion-de-la-violencia-de-genero-en-el-ambito-escolar-taller-de-rap\/rap6\/'><img width=\"150\" height=\"150\" src=\"http:\/\/iesmaestrojosezamudio.es\/web\/wp-content\/uploads\/2021\/06\/RAP6-150x150.jpg\" class=\"attachment-thumbnail size-thumbnail\" alt=\"\" loading=\"lazy\" \/><\/a>\n\t\t\t<\/div><\/figure><figure class='gallery-item'>\n\t\t\t<div class='gallery-icon landscape'>\n\t\t\t\t<a href='http:\/\/iesmaestrojosezamudio.es\/web\/programa-de-prevencion-de-la-violencia-de-genero-en-el-ambito-escolar-taller-de-rap\/rap4\/'><img width=\"150\" height=\"150\" src=\"http:\/\/iesmaestrojosezamudio.es\/web\/wp-content\/uploads\/2021\/06\/RAP4-150x150.jpg\" class=\"attachment-thumbnail size-thumbnail\" alt=\"\" loading=\"lazy\" \/><\/a>\n\t\t\t<\/div><\/figure><figure class='gallery-item'>\n\t\t\t<div class='gallery-icon landscape'>\n\t\t\t\t<a href='http:\/\/iesmaestrojosezamudio.es\/web\/programa-de-prevencion-de-la-violencia-de-genero-en-el-ambito-escolar-taller-de-rap\/rap5\/'><img width=\"150\" height=\"150\" src=\"http:\/\/iesmaestrojosezamudio.es\/web\/wp-content\/uploads\/2021\/06\/RAP5-150x150.jpg\" class=\"attachment-thumbnail size-thumbnail\" alt=\"\" loading=\"lazy\" \/><\/a>\n\t\t\t<\/div><\/figure><figure class='gallery-item'>\n\t\t\t<div class='gallery-icon landscape'>\n\t\t\t\t<a href='http:\/\/iesmaestrojosezamudio.es\/web\/programa-de-prevencion-de-la-violencia-de-genero-en-el-ambito-escolar-taller-de-rap\/rap1\/'><img width=\"150\" height=\"150\" src=\"http:\/\/iesmaestrojosezamudio.es\/web\/wp-content\/uploads\/2021\/06\/RAP1-150x150.jpg\" class=\"attachment-thumbnail size-thumbnail\" alt=\"\" loading=\"lazy\" \/><\/a>\n\t\t\t<\/div><\/figure><figure class='gallery-item'>\n\t\t\t<div class='gallery-icon landscape'>\n\t\t\t\t<a href='http:\/\/iesmaestrojosezamudio.es\/web\/programa-de-prevencion-de-la-violencia-de-genero-en-el-ambito-escolar-taller-de-rap\/rap2\/'><img width=\"150\" height=\"150\" src=\"http:\/\/iesmaestrojosezamudio.es\/web\/wp-content\/uploads\/2021\/06\/RAP2-150x150.jpg\" class=\"attachment-thumbnail size-thumbnail\" alt=\"\" loading=\"lazy\" \/><\/a>\n\t\t\t<\/div><\/figure><figure class='gallery-item'>\n\t\t\t<div class='gallery-icon landscape'>\n\t\t\t\t<a href='http:\/\/iesmaestrojosezamudio.es\/web\/programa-de-prevencion-de-la-violencia-de-genero-en-el-ambito-escolar-taller-de-rap\/rap3\/'><img width=\"150\" height=\"150\" src=\"http:\/\/iesmaestrojosezamudio.es\/web\/wp-content\/uploads\/2021\/06\/RAP3-150x150.jpg\" class=\"attachment-thumbnail size-thumbnail\" alt=\"\" loading=\"lazy\" \/><\/a>\n\t\t\t<\/div><\/figure>\n\t\t<\/div>\n\r\n<br><\/br>\r\n<div style=\"width: 640px;\" class=\"wp-video\"><!--[if lt IE 9]><script>document.createElement('video');<\/script><![endif]-->\n<video class=\"wp-video-shortcode\" id=\"video-1595-1\" width=\"640\" height=\"352\" preload=\"metadata\" controls=\"controls\"><source type=\"video\/mp4\" src=\"http:\/\/iesmaestrojosezamudio.es\/web\/wp-content\/uploads\/2021\/06\/WhatsApp-Video-2021-06-29-at-19.23.58.mp4?_=1\" \/><a href=\"http:\/\/iesmaestrojosezamudio.es\/web\/wp-content\/uploads\/2021\/06\/WhatsApp-Video-2021-06-29-at-19.23.58.mp4\">http:\/\/iesmaestrojosezamudio.es\/web\/wp-content\/uploads\/2021\/06\/WhatsApp-Video-2021-06-29-at-19.23.58.mp4<\/a><\/video><\/div>\r\n\r\n&nbsp;","protected":false},"excerpt":{"rendered":"<p>En relaci\u00f3n a la participaci\u00f3n en el Programa de Prevenci\u00f3n de Violencia de G\u00e9nero convocado en la Resoluci\u00f3n de 16 de octubre de 2019, nuestros proyecto ha girado en torno &#8230;<\/p>\n","protected":false},"author":2,"featured_media":0,"parent":0,"menu_order":0,"comment_status":"closed","ping_status":"closed","template":"","meta":[],"_links":{"self":[{"href":"http:\/\/iesmaestrojosezamudio.es\/web\/wp-json\/wp\/v2\/pages\/1595"}],"collection":[{"href":"http:\/\/iesmaestrojosezamudio.es\/web\/wp-json\/wp\/v2\/pages"}],"about":[{"href":"http:\/\/iesmaestrojosezamudio.es\/web\/wp-json\/wp\/v2\/types\/page"}],"author":[{"embeddable":true,"href":"http:\/\/iesmaestrojosezamudio.es\/web\/wp-json\/wp\/v2\/users\/2"}],"replies":[{"embeddable":true,"href":"http:\/\/iesmaestrojosezamudio.es\/web\/wp-json\/wp\/v2\/comments?post=1595"}],"version-history":[{"count":11,"href":"http:\/\/iesmaestrojosezamudio.es\/web\/wp-json\/wp\/v2\/pages\/1595\/revisions"}],"predecessor-version":[{"id":1923,"href":"http:\/\/iesmaestrojosezamudio.es\/web\/wp-json\/wp\/v2\/pages\/1595\/revisions\/1923"}],"wp:attachment":[{"href":"http:\/\/iesmaestrojosezamudio.es\/web\/wp-json\/wp\/v2\/media?parent=1595"}],"curies":[{"name":"wp","href":"https:\/\/api.w.org\/{rel}","templated":true}]}}