{"id":1691,"date":"2021-01-16T02:53:26","date_gmt":"2021-01-16T01:53:26","guid":{"rendered":"http:\/\/iesmaestrojosezamudio.es\/web\/?page_id=1691"},"modified":"2021-01-17T02:45:08","modified_gmt":"2021-01-17T01:45:08","slug":"plan-quincenal-teleformacion-15-al-22","status":"publish","type":"page","link":"http:\/\/iesmaestrojosezamudio.es\/web\/centro\/plan-quincenal-teleformacion-15-al-22\/","title":{"rendered":"Plan quincenal teleformaci\u00f3n 15 al 22 de enero 2021"},"content":{"rendered":"<h3>Publicaci\u00f3n de la tareas propuestas en el plan quincenal de teleformaci\u00f3n de fecha de <strong>15 al 22 de enero<\/strong> de 2021, para todos los grupos del IES Maestro Jos\u00e9 Zamudio.<\/h3>\r\n<h3><span style=\"color: #0000ff;\"><a style=\"color: #0000ff;\" href=\"http:\/\/iesmaestrojosezamudio.es\/web\/wp-content\/uploads\/2021\/01\/ACTIVIDADES-QUINCENALES-1\u00baA-11-A-24-ENERO.pdf\">Tareas 1\u00ba A<\/a><\/span><\/h3>\r\n<h3><span style=\"color: #0000ff;\"><a style=\"color: #0000ff;\" href=\"http:\/\/iesmaestrojosezamudio.es\/web\/wp-content\/uploads\/2021\/01\/Tareas-quincena-1\u00baB-11-a-24-enero.pdf\">Tareas 1\u00baB<\/a><\/span><\/h3>\r\n<h3><span style=\"color: #0000ff;\"><a style=\"color: #0000ff;\" href=\"http:\/\/iesmaestrojosezamudio.es\/web\/wp-content\/uploads\/2021\/01\/Tareas-2\u00baA-quincena-11-24-enero.pdf\">Tareas 2\u00ba A<\/a><\/span><\/h3>\r\n<h3><span style=\"color: #0000ff;\"><a style=\"color: #0000ff;\" href=\"http:\/\/iesmaestrojosezamudio.es\/web\/wp-content\/uploads\/2021\/01\/Tareas-2\u00baB-quincena-del-11-a-24-enero.pdf\">Tareas 2\u00baB<\/a><\/span><\/h3>\r\n<h3><span style=\"color: #0000ff;\"><a style=\"color: #0000ff;\" href=\"http:\/\/iesmaestrojosezamudio.es\/web\/wp-content\/uploads\/2021\/01\/Tareas-2\u00baPMAR-quincena-11-a-22-enero.pdf\">Tareas 2\u00baPMAR <\/a><\/span><\/h3>\r\n<h3><span style=\"color: #0000ff;\"><a style=\"color: #0000ff;\" href=\"http:\/\/iesmaestrojosezamudio.es\/web\/wp-content\/uploads\/2021\/01\/Tareas-3\u00ba-ESO-Quincena-11-a-22-enero.pdf\">Tareas 3\u00ba<\/a><\/span><\/h3>\r\n<h3><span style=\"color: #0000ff;\"><a style=\"color: #0000ff;\" href=\"http:\/\/iesmaestrojosezamudio.es\/web\/wp-content\/uploads\/2021\/01\/Tarea-3\u00baPMAR-quincena-11-a-24-enero.pdf\">Tarea 3\u00baPMAR<\/a><\/span><\/h3>\r\n<h3><span style=\"color: #0000ff;\"><a style=\"color: #0000ff;\" href=\"http:\/\/iesmaestrojosezamudio.es\/web\/wp-content\/uploads\/2021\/01\/Tareas-4\u00ba-ESO-quincena-11-a-24-enero.pdf\">Tareas 4\u00ba<\/a><\/span><\/h3>\r\n&nbsp;","protected":false},"excerpt":{"rendered":"<p>Publicaci\u00f3n de la tareas propuestas en el plan quincenal de teleformaci\u00f3n de fecha de 15 al 22 de enero de 2021, para todos los grupos del IES Maestro Jos\u00e9 Zamudio. &#8230;<\/p>\n","protected":false},"author":2,"featured_media":0,"parent":76,"menu_order":0,"comment_status":"closed","ping_status":"closed","template":"","meta":[],"_links":{"self":[{"href":"http:\/\/iesmaestrojosezamudio.es\/web\/wp-json\/wp\/v2\/pages\/1691"}],"collection":[{"href":"http:\/\/iesmaestrojosezamudio.es\/web\/wp-json\/wp\/v2\/pages"}],"about":[{"href":"http:\/\/iesmaestrojosezamudio.es\/web\/wp-json\/wp\/v2\/types\/page"}],"author":[{"embeddable":true,"href":"http:\/\/iesmaestrojosezamudio.es\/web\/wp-json\/wp\/v2\/users\/2"}],"replies":[{"embeddable":true,"href":"http:\/\/iesmaestrojosezamudio.es\/web\/wp-json\/wp\/v2\/comments?post=1691"}],"version-history":[{"count":5,"href":"http:\/\/iesmaestrojosezamudio.es\/web\/wp-json\/wp\/v2\/pages\/1691\/revisions"}],"predecessor-version":[{"id":1702,"href":"http:\/\/iesmaestrojosezamudio.es\/web\/wp-json\/wp\/v2\/pages\/1691\/revisions\/1702"}],"up":[{"embeddable":true,"href":"http:\/\/iesmaestrojosezamudio.es\/web\/wp-json\/wp\/v2\/pages\/76"}],"wp:attachment":[{"href":"http:\/\/iesmaestrojosezamudio.es\/web\/wp-json\/wp\/v2\/media?parent=1691"}],"curies":[{"name":"wp","href":"https:\/\/api.w.org\/{rel}","templated":true}]}}