{"id":193,"date":"2019-10-10T09:13:55","date_gmt":"2019-10-10T07:13:55","guid":{"rendered":"http:\/\/iesmaestrojosezamudio.es\/web\/?page_id=193"},"modified":"2025-11-19T12:50:42","modified_gmt":"2025-11-19T11:50:42","slug":"matematicas","status":"publish","type":"page","link":"http:\/\/iesmaestrojosezamudio.es\/web\/area-cientifico-tecnologica\/matematicas\/","title":{"rendered":"Matem\u00e1ticas y Tecnolog\u00eda"},"content":{"rendered":"Este curso acad\u00e9mico 2025-2026, el Departamento de Matem\u00e1ticas y Tecnolog\u00eda imparte las materias propias del Departamento,\u00a0 Matem\u00e1ticas y Tecnolog\u00eda.\r\n\r\nEl departamento esta compuesto por los siguientes profesores y profesoras que imparten las rese\u00f1adas asignaturas propias de la asignatura de matem\u00e1ticas\r\n<ul>\r\n \t<li><b>D\u00f1a. Silvia Fern\u00e1ndez Zambrana: <\/b>Imparte las clases de matem\u00e1ticas en 1\u00ba de ESO, 4\u00ba ESO y \u00c1mbito cient\u00edfico-t\u00e9cnico 3\u00ba PDC.\u00a0 Adem\u00e1s ostenta la Jefatura del Departamento.<\/li>\r\n \t<li><b>D\u00f1a. Jos\u00e9 Luis Albarr\u00e1n:\u00a0 <\/b>Imparte las clases Computaci\u00f3n y Rob\u00f3tica en 1\u00ba y 2\u00ba de ESO. Tecnolog\u00eda y Digitalizaci\u00f3n en 2\u00ba de ESO, Tecnolog\u00eda y Digitalizaci\u00f3n de 3\u00ba y Tecnolog\u00eda 4\u00ba ESO.<\/li>\r\n \t<li><b>D. Vicente Mar\u00edn D\u00edaz <\/b>Imparte las clases de matem\u00e1ticas en 2\u00ba de ESO, en 3\u00ba de ESO y 4\u00ba de ESO.<\/li>\r\n<\/ul>\r\n&nbsp;","protected":false},"excerpt":{"rendered":"<p>Este curso acad\u00e9mico 2025-2026, el Departamento de Matem\u00e1ticas y Tecnolog\u00eda imparte las materias propias del Departamento,\u00a0 Matem\u00e1ticas y Tecnolog\u00eda. El departamento esta compuesto por los siguientes profesores y profesoras que &#8230;<\/p>\n","protected":false},"author":2,"featured_media":0,"parent":180,"menu_order":0,"comment_status":"closed","ping_status":"closed","template":"","meta":[],"_links":{"self":[{"href":"http:\/\/iesmaestrojosezamudio.es\/web\/wp-json\/wp\/v2\/pages\/193"}],"collection":[{"href":"http:\/\/iesmaestrojosezamudio.es\/web\/wp-json\/wp\/v2\/pages"}],"about":[{"href":"http:\/\/iesmaestrojosezamudio.es\/web\/wp-json\/wp\/v2\/types\/page"}],"author":[{"embeddable":true,"href":"http:\/\/iesmaestrojosezamudio.es\/web\/wp-json\/wp\/v2\/users\/2"}],"replies":[{"embeddable":true,"href":"http:\/\/iesmaestrojosezamudio.es\/web\/wp-json\/wp\/v2\/comments?post=193"}],"version-history":[{"count":17,"href":"http:\/\/iesmaestrojosezamudio.es\/web\/wp-json\/wp\/v2\/pages\/193\/revisions"}],"predecessor-version":[{"id":3196,"href":"http:\/\/iesmaestrojosezamudio.es\/web\/wp-json\/wp\/v2\/pages\/193\/revisions\/3196"}],"up":[{"embeddable":true,"href":"http:\/\/iesmaestrojosezamudio.es\/web\/wp-json\/wp\/v2\/pages\/180"}],"wp:attachment":[{"href":"http:\/\/iesmaestrojosezamudio.es\/web\/wp-json\/wp\/v2\/media?parent=193"}],"curies":[{"name":"wp","href":"https:\/\/api.w.org\/{rel}","templated":true}]}}