{"id":198,"date":"2019-10-10T09:13:55","date_gmt":"2019-10-10T07:13:55","guid":{"rendered":"http:\/\/iesmaestrojosezamudio.es\/web\/?page_id=198"},"modified":"2025-09-24T12:11:56","modified_gmt":"2025-09-24T10:11:56","slug":"ingles","status":"publish","type":"page","link":"http:\/\/iesmaestrojosezamudio.es\/web\/area-social-linguistica\/ingles\/","title":{"rendered":"Ingl\u00e9s y Franc\u00e9s"},"content":{"rendered":"<span style=\"font-weight: 400;\">El <\/span><b>Departamento de Idiomas<\/b><span style=\"font-weight: 400;\"> incluye las materias de ingl\u00e9s y franc\u00e9s como primera y segunda lengua extranjera respectivamente.<\/span>\r\n\r\n<span style=\"font-weight: 400;\">Aparte de los objetivos de acercar la cultura anglosajona y francesa a nuestro alumnado, intentamos concienciarles de la importancia de los idiomas para el futuro laboral y social.<\/span>\r\n\r\n<span style=\"font-weight: 400;\">El presente curso acad\u00e9mico 2020-2021, el Departamento de idiomas est\u00e1 formado por las siguientes profesoras:<\/span>\r\n<ul>\r\n \t<li style=\"font-weight: 400;\"><span style=\"font-weight: 400;\">M\u00aa del Carmen L\u00f3pez Hierro, imparte las materias de ingl\u00e9s en 1\u00ba A, 2\u00baA, 4\u00baA y oratoria y debate en 3\u00ba ESO.\r\n<\/span><\/li>\r\n<\/ul>\r\n<span style=\"font-weight: 400;\">Adem\u00e1s, ostenta el cargo de la Jefatura de Departamento de Idiomas, Jefatura de FEIE y los programas de Meditaci\u00f3n y Relajaci\u00f3n y el Programa de Cooperaci\u00f3n Territorial de Competencia Lectora.<\/span>\r\n\r\n&nbsp;\r\n<ul>\r\n \t<li style=\"font-weight: 400;\"><span style=\"font-weight: 400;\">Inmaculada, imparte las materias de ingl\u00e9s en 3\u00ba A y la materia de \u00c1mbito Socioling\u00fc\u00edstico en el grupo de Diversificaci\u00f3n en 3\u00ba A. Franc\u00e9s en 1\u00ba A.\r\n<\/span><\/li>\r\n<\/ul>","protected":false},"excerpt":{"rendered":"<p>El Departamento de Idiomas incluye las materias de ingl\u00e9s y franc\u00e9s como primera y segunda lengua extranjera respectivamente. Aparte de los objetivos de acercar la cultura anglosajona y francesa a &#8230;<\/p>\n","protected":false},"author":2,"featured_media":0,"parent":182,"menu_order":0,"comment_status":"closed","ping_status":"closed","template":"","meta":[],"_links":{"self":[{"href":"http:\/\/iesmaestrojosezamudio.es\/web\/wp-json\/wp\/v2\/pages\/198"}],"collection":[{"href":"http:\/\/iesmaestrojosezamudio.es\/web\/wp-json\/wp\/v2\/pages"}],"about":[{"href":"http:\/\/iesmaestrojosezamudio.es\/web\/wp-json\/wp\/v2\/types\/page"}],"author":[{"embeddable":true,"href":"http:\/\/iesmaestrojosezamudio.es\/web\/wp-json\/wp\/v2\/users\/2"}],"replies":[{"embeddable":true,"href":"http:\/\/iesmaestrojosezamudio.es\/web\/wp-json\/wp\/v2\/comments?post=198"}],"version-history":[{"count":10,"href":"http:\/\/iesmaestrojosezamudio.es\/web\/wp-json\/wp\/v2\/pages\/198\/revisions"}],"predecessor-version":[{"id":3171,"href":"http:\/\/iesmaestrojosezamudio.es\/web\/wp-json\/wp\/v2\/pages\/198\/revisions\/3171"}],"up":[{"embeddable":true,"href":"http:\/\/iesmaestrojosezamudio.es\/web\/wp-json\/wp\/v2\/pages\/182"}],"wp:attachment":[{"href":"http:\/\/iesmaestrojosezamudio.es\/web\/wp-json\/wp\/v2\/media?parent=198"}],"curies":[{"name":"wp","href":"https:\/\/api.w.org\/{rel}","templated":true}]}}