{"id":200,"date":"2019-10-10T09:13:55","date_gmt":"2019-10-10T07:13:55","guid":{"rendered":"http:\/\/iesmaestrojosezamudio.es\/web\/?page_id=200"},"modified":"2022-11-02T10:54:39","modified_gmt":"2022-11-02T09:54:39","slug":"lengua-y-literatura","status":"publish","type":"page","link":"http:\/\/iesmaestrojosezamudio.es\/web\/area-social-linguistica\/lengua-y-literatura\/","title":{"rendered":"Lengua y Sociales"},"content":{"rendered":"<span style=\"font-weight: 400;\">Este curso acad\u00e9mico 2022\/2023, el Departamento Socioling\u00fc\u00edstico imparte las materias propias del Departamento, Lengua y Sociales. El Departamento est\u00e1 compuesto por los siguientes profesoras que imparten las rese\u00f1adas asignaturas propias de la asignatura de Lengua y Sociales.\u00a0<\/span>\r\n<ul>\r\n \t<li><span style=\"font-weight: 400;\">Do\u00f1a Bel\u00e9n Mart\u00ednez Rodr\u00edguez (directora) imparte las clases de 3\u00bade ESO.<\/span><\/li>\r\n \t<li><span style=\"font-weight: 400;\">Do\u00f1a Cristina Berm\u00fadez G\u00f3mez (coordinadora de coeducaci\u00f3n) imparte clases en 2\u00ba de ESO A, 3\u00ba de ESO (Diversificaci\u00f3n) y 4\u00ba de ESO (ense\u00f1anzas acad\u00e9micas).\r\n<\/span><\/li>\r\n \t<li><span style=\"font-weight: 400;\">Do\u00f1a \u00c1ngela Ruz (jefa de departamento) imparte clases en 1\u00ba de ESO y 4\u00ba de ESO (ense\u00f1anzas aplicadas).\r\n<\/span><\/li>\r\n \t<li>Sof\u00eda Chamorro Asencio (coordinadora de biblioteca) imparte clase en 1\u00ba de ESO, 2\u00ba de eso A y B, 3\u00ba de ESO y 4\u00ba de ESO (ense\u00f1anzas acad\u00e9micas).<\/li>\r\n \t<li>David P\u00e9rez Torrado: imparte clase en 3\u00ba de ESO (DIversificaci\u00f3n)<\/li>\r\n<\/ul>\r\n&nbsp;\r\n<ul>\r\n \t<li>\r\n<h3><a href=\"http:\/\/iesmaestrojosezamudio.es\/web\/wp-content\/uploads\/2020\/12\/Prog-Leng-rev-20-21.pdf\">PROGRAMACI\u00d3N LENGUA 20-21<\/a><\/h3>\r\n<\/li>\r\n \t<li>\r\n<h3><a href=\"http:\/\/iesmaestrojosezamudio.es\/web\/wp-content\/uploads\/2020\/12\/Prog-Sociales-20-21.pdf\">Programaci\u00f3n Sociales 20-21<\/a><\/h3>\r\n<\/li>\r\n \t<li>\r\n<h3><a href=\"http:\/\/iesmaestrojosezamudio.es\/web\/wp-content\/uploads\/2020\/12\/Prog-ASL-2\u00baPMAR-20-21.pdf\">PROGRAMACI\u00d3N ASL 2\u00baPMAR 20-21<\/a><\/h3>\r\n<\/li>\r\n \t<li>\r\n<h3><a href=\"http:\/\/iesmaestrojosezamudio.es\/web\/wp-content\/uploads\/2020\/12\/Prog-ASL-3\u00baPMAR-20-21.pdf\">PROGRAMACI\u00d3N ASL 3\u00baPMAR 20-21<\/a><\/h3>\r\n<\/li>\r\n<\/ul>","protected":false},"excerpt":{"rendered":"<p>Este curso acad\u00e9mico 2022\/2023, el Departamento Socioling\u00fc\u00edstico imparte las materias propias del Departamento, Lengua y Sociales. El Departamento est\u00e1 compuesto por los siguientes profesoras que imparten las rese\u00f1adas asignaturas propias &#8230;<\/p>\n","protected":false},"author":2,"featured_media":0,"parent":182,"menu_order":0,"comment_status":"closed","ping_status":"closed","template":"","meta":[],"_links":{"self":[{"href":"http:\/\/iesmaestrojosezamudio.es\/web\/wp-json\/wp\/v2\/pages\/200"}],"collection":[{"href":"http:\/\/iesmaestrojosezamudio.es\/web\/wp-json\/wp\/v2\/pages"}],"about":[{"href":"http:\/\/iesmaestrojosezamudio.es\/web\/wp-json\/wp\/v2\/types\/page"}],"author":[{"embeddable":true,"href":"http:\/\/iesmaestrojosezamudio.es\/web\/wp-json\/wp\/v2\/users\/2"}],"replies":[{"embeddable":true,"href":"http:\/\/iesmaestrojosezamudio.es\/web\/wp-json\/wp\/v2\/comments?post=200"}],"version-history":[{"count":8,"href":"http:\/\/iesmaestrojosezamudio.es\/web\/wp-json\/wp\/v2\/pages\/200\/revisions"}],"predecessor-version":[{"id":2674,"href":"http:\/\/iesmaestrojosezamudio.es\/web\/wp-json\/wp\/v2\/pages\/200\/revisions\/2674"}],"up":[{"embeddable":true,"href":"http:\/\/iesmaestrojosezamudio.es\/web\/wp-json\/wp\/v2\/pages\/182"}],"wp:attachment":[{"href":"http:\/\/iesmaestrojosezamudio.es\/web\/wp-json\/wp\/v2\/media?parent=200"}],"curies":[{"name":"wp","href":"https:\/\/api.w.org\/{rel}","templated":true}]}}