{"id":201,"date":"2019-10-10T09:13:55","date_gmt":"2019-10-10T07:13:55","guid":{"rendered":"http:\/\/iesmaestrojosezamudio.es\/web\/?page_id=201"},"modified":"2022-11-02T11:00:55","modified_gmt":"2022-11-02T10:00:55","slug":"religion","status":"publish","type":"page","link":"http:\/\/iesmaestrojosezamudio.es\/web\/area-social-linguistica\/religion\/","title":{"rendered":"Religi\u00f3n"},"content":{"rendered":"En el presente curso, la profesora que imparte la materia de religi\u00f3n Cintia Mondaza P\u00e9rez.","protected":false},"excerpt":{"rendered":"<p>En el presente curso, la profesora que imparte la materia de religi\u00f3n Cintia Mondaza P\u00e9rez.<\/p>\n","protected":false},"author":2,"featured_media":0,"parent":182,"menu_order":0,"comment_status":"closed","ping_status":"closed","template":"","meta":[],"_links":{"self":[{"href":"http:\/\/iesmaestrojosezamudio.es\/web\/wp-json\/wp\/v2\/pages\/201"}],"collection":[{"href":"http:\/\/iesmaestrojosezamudio.es\/web\/wp-json\/wp\/v2\/pages"}],"about":[{"href":"http:\/\/iesmaestrojosezamudio.es\/web\/wp-json\/wp\/v2\/types\/page"}],"author":[{"embeddable":true,"href":"http:\/\/iesmaestrojosezamudio.es\/web\/wp-json\/wp\/v2\/users\/2"}],"replies":[{"embeddable":true,"href":"http:\/\/iesmaestrojosezamudio.es\/web\/wp-json\/wp\/v2\/comments?post=201"}],"version-history":[{"count":3,"href":"http:\/\/iesmaestrojosezamudio.es\/web\/wp-json\/wp\/v2\/pages\/201\/revisions"}],"predecessor-version":[{"id":2677,"href":"http:\/\/iesmaestrojosezamudio.es\/web\/wp-json\/wp\/v2\/pages\/201\/revisions\/2677"}],"up":[{"embeddable":true,"href":"http:\/\/iesmaestrojosezamudio.es\/web\/wp-json\/wp\/v2\/pages\/182"}],"wp:attachment":[{"href":"http:\/\/iesmaestrojosezamudio.es\/web\/wp-json\/wp\/v2\/media?parent=201"}],"curies":[{"name":"wp","href":"https:\/\/api.w.org\/{rel}","templated":true}]}}