{"id":205,"date":"2019-10-10T09:13:55","date_gmt":"2019-10-10T07:13:55","guid":{"rendered":"http:\/\/iesmaestrojosezamudio.es\/web\/?page_id=205"},"modified":"2022-11-02T11:03:40","modified_gmt":"2022-11-02T10:03:40","slug":"musica","status":"publish","type":"page","link":"http:\/\/iesmaestrojosezamudio.es\/web\/departamentos\/area-artistica\/musica\/","title":{"rendered":"M\u00fasica"},"content":{"rendered":"<p style=\"font-weight: 400;\"><em>La m\u00fasica, como bien cultural y como lenguaje y medio de comunicaci\u00f3n no verbal, constituye un elemento con un valor incuestionable en la vida de las personas. En la actualidad, vivimos en un contacto permanente con la m\u00fasica, sin duda, el arte m\u00e1s poderosamente masivo de nuestro tiempo. El desarrollo tecnol\u00f3gico ha ido modificando considerablemente los referentes musicales de la sociedad por la posibilidad de una escucha simult\u00e1nea de toda la producci\u00f3n musical mundial a trav\u00e9s de los discos, la radio, la televisi\u00f3n, los juegos electr\u00f3nicos, el cine, la publicidad, Internet, etc. Ese mismo desarrollo tecnol\u00f3gico ha abierto, a su vez, nuevos cauces para la interpretaci\u00f3n y la creaci\u00f3n musical, tanto de m\u00fasicos profesionales como de cualquier persona interesada en hacer m\u00fasica.<\/em><\/p>\r\n<p style=\"font-weight: 400;\"><em style=\"font-weight: inherit;\">Desde esta perspectiva, la materia de M\u00fasica en Secundaria pretende establecer puntos de contacto entre el mundo exterior y la m\u00fasica que se aprende en las aulas, estableciendo los cauces necesarios para estimular en el alumnado el desarrollo de la percepci\u00f3n, la sensibilidad est\u00e9tica, la expresi\u00f3n creativa y la reflexi\u00f3n cr\u00edtica, llegando a un grado de autonom\u00eda tal que posibilite la participaci\u00f3n activa e informada en diferentes actividades vinculadas con la audici\u00f3n, la interpretaci\u00f3n y la creaci\u00f3n musical.<\/em><\/p>\r\n<p style=\"font-weight: 400;\"><strong style=\"font-style: inherit;\">MATERIAS<\/strong><\/p>\r\n<p style=\"font-weight: 400;\">La materia de\u00a0<em style=\"font-weight: inherit;\">M\u00fasica<\/em>\u00a0forma parte del curr\u00edculum com\u00fan de los dos primeros cursos de la Ense\u00f1anza Secundaria Obligatoria. En cuarto de ESO, es materia opcional de oferta obligatoria.<\/p>\r\n<p style=\"font-weight: 400;\"><strong>Componentes del Departamento<\/strong>: formado por Mois\u00e9s Ac\u00e1ntara Jim\u00e9nez-<\/p>\r\n<p style=\"font-weight: 400;\"><strong>Composici\u00f3n del Departamento<\/strong>: este curso, el Departamento cuenta con un n\u00famero de horas que cubre las correspondientes a un solo profesor. Por lo tanto, este curso, el Departamento de m\u00fasica es unipersonal.<\/p>\r\n<p style=\"font-weight: 400;\"><strong>Distribuci\u00f3n grupos, horas<\/strong>: El Departamento cuenta con un total de 11 horas.<\/p>","protected":false},"excerpt":{"rendered":"<p>La m\u00fasica, como bien cultural y como lenguaje y medio de comunicaci\u00f3n no verbal, constituye un elemento con un valor incuestionable en la vida de las personas. En la actualidad, &#8230;<\/p>\n","protected":false},"author":2,"featured_media":0,"parent":183,"menu_order":0,"comment_status":"closed","ping_status":"closed","template":"","meta":[],"_links":{"self":[{"href":"http:\/\/iesmaestrojosezamudio.es\/web\/wp-json\/wp\/v2\/pages\/205"}],"collection":[{"href":"http:\/\/iesmaestrojosezamudio.es\/web\/wp-json\/wp\/v2\/pages"}],"about":[{"href":"http:\/\/iesmaestrojosezamudio.es\/web\/wp-json\/wp\/v2\/types\/page"}],"author":[{"embeddable":true,"href":"http:\/\/iesmaestrojosezamudio.es\/web\/wp-json\/wp\/v2\/users\/2"}],"replies":[{"embeddable":true,"href":"http:\/\/iesmaestrojosezamudio.es\/web\/wp-json\/wp\/v2\/comments?post=205"}],"version-history":[{"count":6,"href":"http:\/\/iesmaestrojosezamudio.es\/web\/wp-json\/wp\/v2\/pages\/205\/revisions"}],"predecessor-version":[{"id":3174,"href":"http:\/\/iesmaestrojosezamudio.es\/web\/wp-json\/wp\/v2\/pages\/205\/revisions\/3174"}],"up":[{"embeddable":true,"href":"http:\/\/iesmaestrojosezamudio.es\/web\/wp-json\/wp\/v2\/pages\/183"}],"wp:attachment":[{"href":"http:\/\/iesmaestrojosezamudio.es\/web\/wp-json\/wp\/v2\/media?parent=205"}],"curies":[{"name":"wp","href":"https:\/\/api.w.org\/{rel}","templated":true}]}}