{"id":240,"date":"2019-10-10T09:44:17","date_gmt":"2019-10-10T07:44:17","guid":{"rendered":"http:\/\/iesmaestrojosezamudio.es\/web\/?page_id=240"},"modified":"2021-06-29T19:55:33","modified_gmt":"2021-06-29T17:55:33","slug":"biblioteca","status":"publish","type":"page","link":"http:\/\/iesmaestrojosezamudio.es\/web\/biblioteca\/","title":{"rendered":"Biblioteca"},"content":{"rendered":"<p align=\"justify\">Nuestro centro se encuentra en la localidad de Pruna. Es un centro peque\u00f1o en el que se ofrecen las ense\u00f1anzas correspondientes a la ESO. Dentro del centro, la biblioteca est\u00e1 situada en la planta baja del edificio, por tanto un lugar de f\u00e1cil accesibilidad. Tiene dos puertas de entrada. Una est\u00e1 dentro del edificio, y otra da a la zona del patio del recreo para que los alumnos que as\u00ed lo deseen puedan acceder a la misma.<\/p>\r\n&nbsp;\r\n<p align=\"justify\">En la biblioteca se encuentran mesas y sillas para el alumnado y una mesa, ordenador e impresora de la persona responsable de la biblioteca. Hay estanter\u00edas donde se encuentran los diferentes libros catalogados y ordenados por g\u00e9nero literario y tem\u00e1tica. Dentro de cada g\u00e9nero, se encuentran ordenados por orden alfab\u00e9tico. Todo el material se encuentra correctamente catalogado y se ha actualizado la informaci\u00f3n de los lectores en el programa ABIES.<\/p>\r\n&nbsp;\r\n<p align=\"justify\">La biblioteca permanecer\u00e1 cerrada debido a la crisis del COVID-19, por lo que ofrecemos un servicio de biblioteca online.<\/p>\r\n<p align=\"justify\"><a href=\"http:\/\/iesmaestrojosezamudio.es\/web\/wp-content\/uploads\/2020\/11\/PLAN-DE-TRABAJO-BIBLIOTECA-2020-2021.pdf\">PLAN DE TRABAJO BIBLIOTECA 2020-2021<\/a><\/p>\r\n<p align=\"justify\"><span style=\"color: #333399;\">CHIC@S PACIENCIA, ESTAMOS MONTANDO LA BIBLIOTECA....\u00a0 \ud83d\ude42<\/span><\/p>\r\n<div id='gallery-1' class='gallery galleryid-240 gallery-columns-3 gallery-size-large'><figure class='gallery-item'>\n\t\t\t<div class='gallery-icon landscape'>\n\t\t\t\t<img width=\"800\" height=\"600\" src=\"http:\/\/iesmaestrojosezamudio.es\/web\/wp-content\/uploads\/2019\/11\/IMG_20191126_082133_resized_20191126_082351563-1-1024x768.jpg\" class=\"attachment-large size-large\" alt=\"\" loading=\"lazy\" srcset=\"http:\/\/iesmaestrojosezamudio.es\/web\/wp-content\/uploads\/2019\/11\/IMG_20191126_082133_resized_20191126_082351563-1-1024x768.jpg 1024w, http:\/\/iesmaestrojosezamudio.es\/web\/wp-content\/uploads\/2019\/11\/IMG_20191126_082133_resized_20191126_082351563-1-300x225.jpg 300w, http:\/\/iesmaestrojosezamudio.es\/web\/wp-content\/uploads\/2019\/11\/IMG_20191126_082133_resized_20191126_082351563-1-768x576.jpg 768w, http:\/\/iesmaestrojosezamudio.es\/web\/wp-content\/uploads\/2019\/11\/IMG_20191126_082133_resized_20191126_082351563-1-128x96.jpg 128w, http:\/\/iesmaestrojosezamudio.es\/web\/wp-content\/uploads\/2019\/11\/IMG_20191126_082133_resized_20191126_082351563-1-32x24.jpg 32w, http:\/\/iesmaestrojosezamudio.es\/web\/wp-content\/uploads\/2019\/11\/IMG_20191126_082133_resized_20191126_082351563-1.jpg 1824w\" sizes=\"(max-width: 800px) 100vw, 800px\" \/>\n\t\t\t<\/div><\/figure><figure class='gallery-item'>\n\t\t\t<div class='gallery-icon landscape'>\n\t\t\t\t<img width=\"800\" height=\"600\" src=\"http:\/\/iesmaestrojosezamudio.es\/web\/wp-content\/uploads\/2019\/11\/IMG_20191126_082023_resized_20191126_082351020-1024x768.jpg\" class=\"attachment-large size-large\" alt=\"\" loading=\"lazy\" srcset=\"http:\/\/iesmaestrojosezamudio.es\/web\/wp-content\/uploads\/2019\/11\/IMG_20191126_082023_resized_20191126_082351020-1024x768.jpg 1024w, http:\/\/iesmaestrojosezamudio.es\/web\/wp-content\/uploads\/2019\/11\/IMG_20191126_082023_resized_20191126_082351020-300x225.jpg 300w, http:\/\/iesmaestrojosezamudio.es\/web\/wp-content\/uploads\/2019\/11\/IMG_20191126_082023_resized_20191126_082351020-768x576.jpg 768w, http:\/\/iesmaestrojosezamudio.es\/web\/wp-content\/uploads\/2019\/11\/IMG_20191126_082023_resized_20191126_082351020-128x96.jpg 128w, http:\/\/iesmaestrojosezamudio.es\/web\/wp-content\/uploads\/2019\/11\/IMG_20191126_082023_resized_20191126_082351020-32x24.jpg 32w, http:\/\/iesmaestrojosezamudio.es\/web\/wp-content\/uploads\/2019\/11\/IMG_20191126_082023_resized_20191126_082351020.jpg 1824w\" sizes=\"(max-width: 800px) 100vw, 800px\" \/>\n\t\t\t<\/div><\/figure><figure class='gallery-item'>\n\t\t\t<div class='gallery-icon landscape'>\n\t\t\t\t<img width=\"800\" height=\"600\" src=\"http:\/\/iesmaestrojosezamudio.es\/web\/wp-content\/uploads\/2019\/11\/IMG_20191126_082146_resized_20191126_082350723-1024x768.jpg\" class=\"attachment-large size-large\" alt=\"\" loading=\"lazy\" srcset=\"http:\/\/iesmaestrojosezamudio.es\/web\/wp-content\/uploads\/2019\/11\/IMG_20191126_082146_resized_20191126_082350723-1024x768.jpg 1024w, http:\/\/iesmaestrojosezamudio.es\/web\/wp-content\/uploads\/2019\/11\/IMG_20191126_082146_resized_20191126_082350723-300x225.jpg 300w, http:\/\/iesmaestrojosezamudio.es\/web\/wp-content\/uploads\/2019\/11\/IMG_20191126_082146_resized_20191126_082350723-768x576.jpg 768w, http:\/\/iesmaestrojosezamudio.es\/web\/wp-content\/uploads\/2019\/11\/IMG_20191126_082146_resized_20191126_082350723-128x96.jpg 128w, http:\/\/iesmaestrojosezamudio.es\/web\/wp-content\/uploads\/2019\/11\/IMG_20191126_082146_resized_20191126_082350723-32x24.jpg 32w, http:\/\/iesmaestrojosezamudio.es\/web\/wp-content\/uploads\/2019\/11\/IMG_20191126_082146_resized_20191126_082350723.jpg 1824w\" sizes=\"(max-width: 800px) 100vw, 800px\" \/>\n\t\t\t<\/div><\/figure>\n\t\t<\/div>\n\r\n<h3><\/h3>","protected":false},"excerpt":{"rendered":"<p>Nuestro centro se encuentra en la localidad de Pruna. Es un centro peque\u00f1o en el que se ofrecen las ense\u00f1anzas correspondientes a la ESO. Dentro del centro, la biblioteca est\u00e1 &#8230;<\/p>\n","protected":false},"author":2,"featured_media":0,"parent":0,"menu_order":0,"comment_status":"closed","ping_status":"closed","template":"","meta":[],"_links":{"self":[{"href":"http:\/\/iesmaestrojosezamudio.es\/web\/wp-json\/wp\/v2\/pages\/240"}],"collection":[{"href":"http:\/\/iesmaestrojosezamudio.es\/web\/wp-json\/wp\/v2\/pages"}],"about":[{"href":"http:\/\/iesmaestrojosezamudio.es\/web\/wp-json\/wp\/v2\/types\/page"}],"author":[{"embeddable":true,"href":"http:\/\/iesmaestrojosezamudio.es\/web\/wp-json\/wp\/v2\/users\/2"}],"replies":[{"embeddable":true,"href":"http:\/\/iesmaestrojosezamudio.es\/web\/wp-json\/wp\/v2\/comments?post=240"}],"version-history":[{"count":31,"href":"http:\/\/iesmaestrojosezamudio.es\/web\/wp-json\/wp\/v2\/pages\/240\/revisions"}],"predecessor-version":[{"id":1894,"href":"http:\/\/iesmaestrojosezamudio.es\/web\/wp-json\/wp\/v2\/pages\/240\/revisions\/1894"}],"wp:attachment":[{"href":"http:\/\/iesmaestrojosezamudio.es\/web\/wp-json\/wp\/v2\/media?parent=240"}],"curies":[{"name":"wp","href":"https:\/\/api.w.org\/{rel}","templated":true}]}}