{"id":88,"date":"2019-10-09T17:54:37","date_gmt":"2019-10-09T15:54:37","guid":{"rendered":"http:\/\/iesmaestrojosezamudio.es\/web\/?page_id=88"},"modified":"2024-02-09T12:05:24","modified_gmt":"2024-02-09T11:05:24","slug":"datos","status":"publish","type":"page","link":"http:\/\/iesmaestrojosezamudio.es\/web\/centro\/datos\/","title":{"rendered":"Datos del centro"},"content":{"rendered":"<ul>\r\n \t<li><strong>Direcci\u00f3n:<\/strong> Avd. de los Emigrantes, 2 - 41670 Pruna, SEVILLA<\/li>\r\n \t<li><strong>Tel\u00e9fono:<\/strong> 955 859 909<\/li>\r\n \t<li><strong>Fax:<\/strong> 955 859 911<\/li>\r\n \t<li><strong>Correo:<\/strong> 41701961.edu@juntadeandalucia.es<\/li>\r\n \t<li><strong>Horario lectivo:<\/strong> de 8:15 a 14:45<\/li>\r\n \t<li><strong>C\u00f3digo de centro:<\/strong> 41701961<\/li>\r\n<\/ul>\r\n&nbsp;\r\n<h5>Equipo directivo:<\/h5>\r\n<ul>\r\n \t<li>D\u00f1a. Bel\u00e9n Mart\u00ednez Rodr\u00edguez (Directora)<\/li>\r\n \t<li>D. Crist\u00f3bal C\u00e1rdenas Cabrera (Jefe de estudios)<\/li>\r\n \t<li>D\u00f1a. Remedios Gerena Villalba (Secretaria)<\/li>\r\n<\/ul>\r\n&nbsp;\r\n\r\n<center>\r\n\t\t\t\t<div id='jmc_galimg_galeria'>\r\n\t\t\t\t\t<img class='jmc_galimg_flechas' id='jmc_galimg_anterior' src='http:\/\/iesmaestrojosezamudio.es\/web\/wp-content\/plugins\/juanma-civico-galeria-de-imagenes\/controles\/arrow_left.gif' onclick='jmc_galimg_retroceder_img();' \/>\r\n\t\t\t\t\t<img class='jmc_galimg_size' id='jmc_galimg_actual' src='http:\/\/iesmaestrojosezamudio.es\/web\/wp-content\/plugins\/juanma-civico-galeria-de-imagenes\/img\/22102019-085406.JPG' \/>\r\n\t\t\t\t\t<img class='jmc_galimg_flechas' id='jmc_galimg_siguiente' src='http:\/\/iesmaestrojosezamudio.es\/web\/wp-content\/plugins\/juanma-civico-galeria-de-imagenes\/controles\/arrow.gif' onclick='jmc_galimg_avanzar_img();' \/>\r\n\t\t\t\t<\/div>\r\n\t\t\t\t<div id='jmc_galimg_thumbs'>\r\n\t\t\t\t\t<img class='jmc_galimg_seleccionada' id='img1' src='http:\/\/iesmaestrojosezamudio.es\/web\/wp-content\/plugins\/juanma-civico-galeria-de-imagenes\/img\/22102019-085406.JPG' onclick='jmc_galimg_cambiar_img(this.id);' \/><img id='img2' src='http:\/\/iesmaestrojosezamudio.es\/web\/wp-content\/plugins\/juanma-civico-galeria-de-imagenes\/img\/22102019-081451.JPG' onclick='jmc_galimg_cambiar_img(this.id);' \/><img id='img3' src='http:\/\/iesmaestrojosezamudio.es\/web\/wp-content\/plugins\/juanma-civico-galeria-de-imagenes\/img\/22102019-082315.jpg' onclick='jmc_galimg_cambiar_img(this.id);' \/><img id='img4' src='http:\/\/iesmaestrojosezamudio.es\/web\/wp-content\/plugins\/juanma-civico-galeria-de-imagenes\/img\/22102019-081102.JPG' onclick='jmc_galimg_cambiar_img(this.id);' \/><img id='img5' src='http:\/\/iesmaestrojosezamudio.es\/web\/wp-content\/plugins\/juanma-civico-galeria-de-imagenes\/img\/22102019-081321.JPG' onclick='jmc_galimg_cambiar_img(this.id);' \/><img id='img6' src='http:\/\/iesmaestrojosezamudio.es\/web\/wp-content\/plugins\/juanma-civico-galeria-de-imagenes\/img\/22102019-085508.JPG' onclick='jmc_galimg_cambiar_img(this.id);' \/><img id='img7' src='http:\/\/iesmaestrojosezamudio.es\/web\/wp-content\/plugins\/juanma-civico-galeria-de-imagenes\/img\/22102019-090447.jpg' onclick='jmc_galimg_cambiar_img(this.id);' \/><img id='img8' src='http:\/\/iesmaestrojosezamudio.es\/web\/wp-content\/plugins\/juanma-civico-galeria-de-imagenes\/img\/22102019-075008.JPG' onclick='jmc_galimg_cambiar_img(this.id);' \/><img id='img9' src='http:\/\/iesmaestrojosezamudio.es\/web\/wp-content\/plugins\/juanma-civico-galeria-de-imagenes\/img\/22102019-074929.jpg' onclick='jmc_galimg_cambiar_img(this.id);' \/><img id='img10' src='http:\/\/iesmaestrojosezamudio.es\/web\/wp-content\/plugins\/juanma-civico-galeria-de-imagenes\/img\/22102019-081131.JPG' onclick='jmc_galimg_cambiar_img(this.id);' \/><img id='img11' src='http:\/\/iesmaestrojosezamudio.es\/web\/wp-content\/plugins\/juanma-civico-galeria-de-imagenes\/img\/22102019-082239.jpg' onclick='jmc_galimg_cambiar_img(this.id);' \/><img id='img12' src='http:\/\/iesmaestrojosezamudio.es\/web\/wp-content\/plugins\/juanma-civico-galeria-de-imagenes\/img\/22102019-081223.jpg' onclick='jmc_galimg_cambiar_img(this.id);' \/><img id='img13' src='http:\/\/iesmaestrojosezamudio.es\/web\/wp-content\/plugins\/juanma-civico-galeria-de-imagenes\/img\/22102019-081259.JPG' onclick='jmc_galimg_cambiar_img(this.id);' \/><img id='img14' src='http:\/\/iesmaestrojosezamudio.es\/web\/wp-content\/plugins\/juanma-civico-galeria-de-imagenes\/img\/22102019-085852.JPG' onclick='jmc_galimg_cambiar_img(this.id);' \/><img id='img15' src='http:\/\/iesmaestrojosezamudio.es\/web\/wp-content\/plugins\/juanma-civico-galeria-de-imagenes\/img\/22102019-090603.JPG' onclick='jmc_galimg_cambiar_img(this.id);' \/><img id='img16' src='http:\/\/iesmaestrojosezamudio.es\/web\/wp-content\/plugins\/juanma-civico-galeria-de-imagenes\/img\/22102019-085651.JPG' onclick='jmc_galimg_cambiar_img(this.id);' \/><img id='img17' src='http:\/\/iesmaestrojosezamudio.es\/web\/wp-content\/plugins\/juanma-civico-galeria-de-imagenes\/img\/09022024-110844.jpeg' onclick='jmc_galimg_cambiar_img(this.id);' \/><img id='img18' src='http:\/\/iesmaestrojosezamudio.es\/web\/wp-content\/plugins\/juanma-civico-galeria-de-imagenes\/img\/22102019-081545.JPG' onclick='jmc_galimg_cambiar_img(this.id);' \/><img id='img19' src='http:\/\/iesmaestrojosezamudio.es\/web\/wp-content\/plugins\/juanma-civico-galeria-de-imagenes\/img\/22102019-085739.JPG' onclick='jmc_galimg_cambiar_img(this.id);' \/><img id='img20' src='http:\/\/iesmaestrojosezamudio.es\/web\/wp-content\/plugins\/juanma-civico-galeria-de-imagenes\/img\/22102019-082709.JPG' onclick='jmc_galimg_cambiar_img(this.id);' \/><\/div><\/center><script> setInterval('jmc_galimg_avanzar_img()', 5000); <\/script>","protected":false},"excerpt":{"rendered":"<p>Direcci\u00f3n: Avd. de los Emigrantes, 2 &#8211; 41670 Pruna, SEVILLA Tel\u00e9fono: 955 859 909 Fax: 955 859 911 Correo: 41701961.edu@juntadeandalucia.es Horario lectivo: de 8:15 a 14:45 C\u00f3digo de centro: 41701961 &#8230;<\/p>\n","protected":false},"author":2,"featured_media":0,"parent":76,"menu_order":0,"comment_status":"closed","ping_status":"closed","template":"","meta":[],"_links":{"self":[{"href":"http:\/\/iesmaestrojosezamudio.es\/web\/wp-json\/wp\/v2\/pages\/88"}],"collection":[{"href":"http:\/\/iesmaestrojosezamudio.es\/web\/wp-json\/wp\/v2\/pages"}],"about":[{"href":"http:\/\/iesmaestrojosezamudio.es\/web\/wp-json\/wp\/v2\/types\/page"}],"author":[{"embeddable":true,"href":"http:\/\/iesmaestrojosezamudio.es\/web\/wp-json\/wp\/v2\/users\/2"}],"replies":[{"embeddable":true,"href":"http:\/\/iesmaestrojosezamudio.es\/web\/wp-json\/wp\/v2\/comments?post=88"}],"version-history":[{"count":12,"href":"http:\/\/iesmaestrojosezamudio.es\/web\/wp-json\/wp\/v2\/pages\/88\/revisions"}],"predecessor-version":[{"id":2918,"href":"http:\/\/iesmaestrojosezamudio.es\/web\/wp-json\/wp\/v2\/pages\/88\/revisions\/2918"}],"up":[{"embeddable":true,"href":"http:\/\/iesmaestrojosezamudio.es\/web\/wp-json\/wp\/v2\/pages\/76"}],"wp:attachment":[{"href":"http:\/\/iesmaestrojosezamudio.es\/web\/wp-json\/wp\/v2\/media?parent=88"}],"curies":[{"name":"wp","href":"https:\/\/api.w.org\/{rel}","templated":true}]}}